{"id":3864,"date":"2022-06-14T14:24:08","date_gmt":"2022-06-14T14:24:08","guid":{"rendered":"https:\/\/microentreprendrebasseslaurentides.quebec\/board\/"},"modified":"2024-06-05T19:44:20","modified_gmt":"2024-06-05T19:44:20","slug":"board","status":"publish","type":"page","link":"https:\/\/microentreprendrebasseslaurentides.quebec\/en\/board\/","title":{"rendered":"Board"},"content":{"rendered":"\t\t<div data-elementor-type=\"wp-page\" data-elementor-id=\"3864\" class=\"elementor elementor-3864 elementor-937\" data-elementor-post-type=\"page\">\n\t\t\t\t\t\t<section class=\"elementor-section elementor-top-section elementor-element elementor-element-4d4db5c3 elementor-section-height-min-height elementor-section-boxed elementor-section-height-default elementor-section-items-middle\" data-id=\"4d4db5c3\" data-element_type=\"section\" data-settings=\"{&quot;background_background&quot;:&quot;classic&quot;}\">\n\t\t\t\t\t\t\t<div class=\"elementor-background-overlay\"><\/div>\n\t\t\t\t\t\t\t<div class=\"elementor-container elementor-column-gap-default\">\n\t\t\t\t\t<div class=\"elementor-column elementor-col-100 elementor-top-column elementor-element elementor-element-2d2ec287\" data-id=\"2d2ec287\" data-element_type=\"column\">\n\t\t\t<div class=\"elementor-widget-wrap elementor-element-populated\">\n\t\t\t\t\t\t<div class=\"elementor-element elementor-element-7df8336e uael-dual-heading-align-left elementor-widget elementor-widget-uael-dual-color-heading\" data-id=\"7df8336e\" data-element_type=\"widget\" data-widget_type=\"uael-dual-color-heading.default\">\n\t\t\t\t<div class=\"elementor-widget-container\">\n\t\t\t\t\t\t\t<div class=\"uael-module-content uael-dual-color-heading uael-heading-stack-none\">\n\t\t\t<h2>\n\t\t\t\t\t\t\t\t\t\t\t\t\t\t\t\t<span class=\"uael-before-heading\"><span class=\"elementor-inline-editing uael-dual-heading-text uael-first-text\" data-elementor-setting-key=\"before_heading_text\" data-elementor-inline-editing-toolbar=\"basic\">|<\/span><\/span><span class=\"uael-adv-heading-stack\"><span class=\"elementor-inline-editing uael-dual-heading-text uael-highlight-text\" data-elementor-setting-key=\"second_heading_text\" data-elementor-inline-editing-toolbar=\"basic\">Team<\/span><\/span><span class=\"uael-after-heading\"><span class=\"elementor-inline-editing uael-dual-heading-text uael-third-text\" data-elementor-setting-key=\"after_heading_text\" data-elementor-inline-editing-toolbar=\"basic\">and board<\/span><\/span>\t\t\t\t\t\t\t\t\t\t\t\t\t<\/h2>\n\t\t<\/div>\n\t\t\t\t<\/div>\n\t\t\t\t<\/div>\n\t\t\t\t\t<\/div>\n\t\t<\/div>\n\t\t\t\t\t<\/div>\n\t\t<\/section>\n\t\t\t\t<section class=\"elementor-section elementor-top-section elementor-element elementor-element-be73f1a elementor-section-boxed elementor-section-height-default elementor-section-height-default\" data-id=\"be73f1a\" data-element_type=\"section\">\n\t\t\t\t\t\t<div class=\"elementor-container elementor-column-gap-default\">\n\t\t\t\t\t<div class=\"elementor-column elementor-col-100 elementor-top-column elementor-element elementor-element-db1174a\" data-id=\"db1174a\" data-element_type=\"column\">\n\t\t\t<div class=\"elementor-widget-wrap elementor-element-populated\">\n\t\t\t\t\t\t<div class=\"elementor-element elementor-element-6f46b39 elementor-widget elementor-widget-heading\" data-id=\"6f46b39\" data-element_type=\"widget\" data-widget_type=\"heading.default\">\n\t\t\t\t<div class=\"elementor-widget-container\">\n\t\t\t<h4 class=\"elementor-heading-title elementor-size-default\">Ginette Demers<\/h4>\t\t<\/div>\n\t\t\t\t<\/div>\n\t\t\t\t<div class=\"elementor-element elementor-element-c846aa6 elementor-widget elementor-widget-heading\" data-id=\"c846aa6\" data-element_type=\"widget\" data-widget_type=\"heading.default\">\n\t\t\t\t<div class=\"elementor-widget-container\">\n\t\t\t<h5 class=\"elementor-heading-title elementor-size-default\">President<\/h5>\t\t<\/div>\n\t\t\t\t<\/div>\n\t\t\t\t<div class=\"elementor-element elementor-element-5074e59 elementor-widget elementor-widget-heading\" data-id=\"5074e59\" data-element_type=\"widget\" data-widget_type=\"heading.default\">\n\t\t\t\t<div class=\"elementor-widget-container\">\n\t\t\t<h4 class=\"elementor-heading-title elementor-size-default\">Patrick Roberge<\/h4>\t\t<\/div>\n\t\t\t\t<\/div>\n\t\t\t\t<div class=\"elementor-element elementor-element-89d3a21 elementor-widget elementor-widget-heading\" data-id=\"89d3a21\" data-element_type=\"widget\" data-widget_type=\"heading.default\">\n\t\t\t\t<div class=\"elementor-widget-container\">\n\t\t\t<h6 class=\"elementor-heading-title elementor-size-default\">Raymond Chabot<\/h6>\t\t<\/div>\n\t\t\t\t<\/div>\n\t\t\t\t<div class=\"elementor-element elementor-element-2012b1d elementor-widget elementor-widget-heading\" data-id=\"2012b1d\" data-element_type=\"widget\" data-widget_type=\"heading.default\">\n\t\t\t\t<div class=\"elementor-widget-container\">\n\t\t\t<h5 class=\"elementor-heading-title elementor-size-default\">Treasurer<\/h5>\t\t<\/div>\n\t\t\t\t<\/div>\n\t\t\t\t<div class=\"elementor-element elementor-element-18fa0e9 elementor-widget elementor-widget-heading\" data-id=\"18fa0e9\" data-element_type=\"widget\" data-widget_type=\"heading.default\">\n\t\t\t\t<div class=\"elementor-widget-container\">\n\t\t\t<h4 class=\"elementor-heading-title elementor-size-default\">S\u00e9bastien Lassonde<\/h4>\t\t<\/div>\n\t\t\t\t<\/div>\n\t\t\t\t<div class=\"elementor-element elementor-element-2eb22c8 elementor-widget elementor-widget-heading\" data-id=\"2eb22c8\" data-element_type=\"widget\" data-widget_type=\"heading.default\">\n\t\t\t\t<div class=\"elementor-widget-container\">\n\t\t\t<h6 class=\"elementor-heading-title elementor-size-default\">Rakabot<\/h6>\t\t<\/div>\n\t\t\t\t<\/div>\n\t\t\t\t<div class=\"elementor-element elementor-element-4ad84ca elementor-widget elementor-widget-heading\" data-id=\"4ad84ca\" data-element_type=\"widget\" data-widget_type=\"heading.default\">\n\t\t\t\t<div class=\"elementor-widget-container\">\n\t\t\t<h5 class=\"elementor-heading-title elementor-size-default\">Secretary<\/h5>\t\t<\/div>\n\t\t\t\t<\/div>\n\t\t\t\t<div class=\"elementor-element elementor-element-8c28d0f elementor-widget elementor-widget-heading\" data-id=\"8c28d0f\" data-element_type=\"widget\" data-widget_type=\"heading.default\">\n\t\t\t\t<div class=\"elementor-widget-container\">\n\t\t\t<h4 class=\"elementor-heading-title elementor-size-default\">Karina Minner<\/h4>\t\t<\/div>\n\t\t\t\t<\/div>\n\t\t\t\t<div class=\"elementor-element elementor-element-8fd7709 elementor-widget elementor-widget-heading\" data-id=\"8fd7709\" data-element_type=\"widget\" data-widget_type=\"heading.default\">\n\t\t\t\t<div class=\"elementor-widget-container\">\n\t\t\t<h6 class=\"elementor-heading-title elementor-size-default\">JKM M\u00e9canique Mobile<\/h6>\t\t<\/div>\n\t\t\t\t<\/div>\n\t\t\t\t<div class=\"elementor-element elementor-element-2cfdc7f elementor-widget elementor-widget-heading\" data-id=\"2cfdc7f\" data-element_type=\"widget\" data-widget_type=\"heading.default\">\n\t\t\t\t<div class=\"elementor-widget-container\">\n\t\t\t<h5 class=\"elementor-heading-title elementor-size-default\">Administrator<\/h5>\t\t<\/div>\n\t\t\t\t<\/div>\n\t\t\t\t<div class=\"elementor-element elementor-element-d9f1444 elementor-widget elementor-widget-heading\" data-id=\"d9f1444\" data-element_type=\"widget\" data-widget_type=\"heading.default\">\n\t\t\t\t<div class=\"elementor-widget-container\">\n\t\t\t<h4 class=\"elementor-heading-title elementor-size-default\">Mathieu Roy<\/h4>\t\t<\/div>\n\t\t\t\t<\/div>\n\t\t\t\t<div class=\"elementor-element elementor-element-0d8edd3 elementor-widget elementor-widget-heading\" data-id=\"0d8edd3\" data-element_type=\"widget\" data-widget_type=\"heading.default\">\n\t\t\t\t<div class=\"elementor-widget-container\">\n\t\t\t<h6 class=\"elementor-heading-title elementor-size-default\">Business Development Bank of Canada<\/h6>\t\t<\/div>\n\t\t\t\t<\/div>\n\t\t\t\t<div class=\"elementor-element elementor-element-18970d6 elementor-widget elementor-widget-heading\" data-id=\"18970d6\" data-element_type=\"widget\" data-widget_type=\"heading.default\">\n\t\t\t\t<div class=\"elementor-widget-container\">\n\t\t\t<h5 class=\"elementor-heading-title elementor-size-default\">Administrator<\/h5>\t\t<\/div>\n\t\t\t\t<\/div>\n\t\t\t\t<div class=\"elementor-element elementor-element-ee318ca elementor-widget elementor-widget-heading\" data-id=\"ee318ca\" data-element_type=\"widget\" data-widget_type=\"heading.default\">\n\t\t\t\t<div class=\"elementor-widget-container\">\n\t\t\t<h4 class=\"elementor-heading-title elementor-size-default\">M\u00e9lanie Laroche<\/h4>\t\t<\/div>\n\t\t\t\t<\/div>\n\t\t\t\t<div class=\"elementor-element elementor-element-3b72df5 elementor-widget elementor-widget-heading\" data-id=\"3b72df5\" data-element_type=\"widget\" data-widget_type=\"heading.default\">\n\t\t\t\t<div class=\"elementor-widget-container\">\n\t\t\t<h5 class=\"elementor-heading-title elementor-size-default\">Administrator<\/h5>\t\t<\/div>\n\t\t\t\t<\/div>\n\t\t\t\t<div class=\"elementor-element elementor-element-f8e5aa5 elementor-widget elementor-widget-heading\" data-id=\"f8e5aa5\" data-element_type=\"widget\" data-widget_type=\"heading.default\">\n\t\t\t\t<div class=\"elementor-widget-container\">\n\t\t\t<h4 class=\"elementor-heading-title elementor-size-default\">Joanie Desjardins<\/h4>\t\t<\/div>\n\t\t\t\t<\/div>\n\t\t\t\t<div class=\"elementor-element elementor-element-a5abb9d elementor-widget elementor-widget-heading\" data-id=\"a5abb9d\" data-element_type=\"widget\" data-widget_type=\"heading.default\">\n\t\t\t\t<div class=\"elementor-widget-container\">\n\t\t\t<h6 class=\"elementor-heading-title elementor-size-default\">Service GoExport<\/h6>\t\t<\/div>\n\t\t\t\t<\/div>\n\t\t\t\t<div class=\"elementor-element elementor-element-e3aef79 elementor-widget elementor-widget-heading\" data-id=\"e3aef79\" data-element_type=\"widget\" data-widget_type=\"heading.default\">\n\t\t\t\t<div class=\"elementor-widget-container\">\n\t\t\t<h5 class=\"elementor-heading-title elementor-size-default\">Administrator<\/h5>\t\t<\/div>\n\t\t\t\t<\/div>\n\t\t\t\t\t<\/div>\n\t\t<\/div>\n\t\t\t\t\t<\/div>\n\t\t<\/section>\n\t\t\t\t<\/div>\n\t\t","protected":false},"excerpt":{"rendered":"<p>|Teamand board Ginette Demers President Patrick Roberge Raymond Chabot Treasurer S\u00e9bastien Lassonde Rakabot Secretary Karina Minner JKM M\u00e9canique Mobile Administrator Mathieu Roy Business Development Bank of Canada Administrator M\u00e9lanie Laroche Administrator Joanie Desjardins Service GoExport Administrator<\/p>\n","protected":false},"author":2,"featured_media":0,"parent":0,"menu_order":0,"comment_status":"closed","ping_status":"closed","template":"","meta":{"footnotes":""},"yoast_head":"<!-- This site is optimized with the Yoast SEO plugin v22.7 - https:\/\/yoast.com\/wordpress\/plugins\/seo\/ -->\n<title>Board - MicroEntreprendre Basses-Laurentides<\/title>\n<meta name=\"robots\" content=\"index, follow, max-snippet:-1, max-image-preview:large, max-video-preview:-1\" \/>\n<link rel=\"canonical\" href=\"https:\/\/microentreprendrebasseslaurentides.quebec\/en\/board\/\" \/>\n<meta property=\"og:locale\" content=\"en_US\" \/>\n<meta property=\"og:type\" content=\"article\" \/>\n<meta property=\"og:title\" content=\"Board - MicroEntreprendre Basses-Laurentides\" \/>\n<meta property=\"og:description\" content=\"|Teamand board Ginette Demers President Patrick Roberge Raymond Chabot Treasurer S\u00e9bastien Lassonde Rakabot Secretary Karina Minner JKM M\u00e9canique Mobile Administrator Mathieu Roy Business Development Bank of Canada Administrator M\u00e9lanie Laroche Administrator Joanie Desjardins Service GoExport Administrator\" \/>\n<meta property=\"og:url\" content=\"https:\/\/microentreprendrebasseslaurentides.quebec\/en\/board\/\" \/>\n<meta property=\"og:site_name\" content=\"MicroEntreprendre Basses-Laurentides\" \/>\n<meta property=\"article:publisher\" content=\"https:\/\/www.facebook.com\/MicroEntreprendreBassesLaurentides\/\" \/>\n<meta property=\"article:modified_time\" content=\"2024-06-05T19:44:20+00:00\" \/>\n<meta name=\"twitter:card\" content=\"summary_large_image\" \/>\n<meta name=\"twitter:label1\" content=\"Est. reading time\" \/>\n\t<meta name=\"twitter:data1\" content=\"1 minute\" \/>\n<script type=\"application\/ld+json\" class=\"yoast-schema-graph\">{\"@context\":\"https:\/\/schema.org\",\"@graph\":[{\"@type\":\"WebPage\",\"@id\":\"https:\/\/microentreprendrebasseslaurentides.quebec\/en\/board\/\",\"url\":\"https:\/\/microentreprendrebasseslaurentides.quebec\/en\/board\/\",\"name\":\"Board - MicroEntreprendre Basses-Laurentides\",\"isPartOf\":{\"@id\":\"https:\/\/microentreprendrebasseslaurentides.quebec\/en\/#website\"},\"datePublished\":\"2022-06-14T14:24:08+00:00\",\"dateModified\":\"2024-06-05T19:44:20+00:00\",\"breadcrumb\":{\"@id\":\"https:\/\/microentreprendrebasseslaurentides.quebec\/en\/board\/#breadcrumb\"},\"inLanguage\":\"en-US\",\"potentialAction\":[{\"@type\":\"ReadAction\",\"target\":[\"https:\/\/microentreprendrebasseslaurentides.quebec\/en\/board\/\"]}]},{\"@type\":\"BreadcrumbList\",\"@id\":\"https:\/\/microentreprendrebasseslaurentides.quebec\/en\/board\/#breadcrumb\",\"itemListElement\":[{\"@type\":\"ListItem\",\"position\":1,\"name\":\"Accueil\",\"item\":\"https:\/\/microentreprendrebasseslaurentides.quebec\/en\/index\/\"},{\"@type\":\"ListItem\",\"position\":2,\"name\":\"Board\"}]},{\"@type\":\"WebSite\",\"@id\":\"https:\/\/microentreprendrebasseslaurentides.quebec\/en\/#website\",\"url\":\"https:\/\/microentreprendrebasseslaurentides.quebec\/en\/\",\"name\":\"MicroEntreprendre Basses-Laurentides\",\"description\":\"Fonds communautaire d&#039;acc\u00e8s au micro-cr\u00e9dit\",\"publisher\":{\"@id\":\"https:\/\/microentreprendrebasseslaurentides.quebec\/en\/#organization\"},\"potentialAction\":[{\"@type\":\"SearchAction\",\"target\":{\"@type\":\"EntryPoint\",\"urlTemplate\":\"https:\/\/microentreprendrebasseslaurentides.quebec\/en\/?s={search_term_string}\"},\"query-input\":\"required name=search_term_string\"}],\"inLanguage\":\"en-US\"},{\"@type\":\"Organization\",\"@id\":\"https:\/\/microentreprendrebasseslaurentides.quebec\/en\/#organization\",\"name\":\"MicroEntreprendre Basses-Laurentides\",\"url\":\"https:\/\/microentreprendrebasseslaurentides.quebec\/en\/\",\"logo\":{\"@type\":\"ImageObject\",\"inLanguage\":\"en-US\",\"@id\":\"https:\/\/microentreprendrebasseslaurentides.quebec\/en\/#\/schema\/logo\/image\/\",\"url\":\"https:\/\/microentreprendrebasseslaurentides.quebec\/wp-content\/uploads\/2022\/06\/LOGO_microEntreprendre_BL_512.jpg\",\"contentUrl\":\"https:\/\/microentreprendrebasseslaurentides.quebec\/wp-content\/uploads\/2022\/06\/LOGO_microEntreprendre_BL_512.jpg\",\"width\":512,\"height\":512,\"caption\":\"MicroEntreprendre Basses-Laurentides\"},\"image\":{\"@id\":\"https:\/\/microentreprendrebasseslaurentides.quebec\/en\/#\/schema\/logo\/image\/\"},\"sameAs\":[\"https:\/\/www.facebook.com\/MicroEntreprendreBassesLaurentides\/\"]}]}<\/script>\n<!-- \/ Yoast SEO plugin. -->","yoast_head_json":{"title":"Board - MicroEntreprendre Basses-Laurentides","robots":{"index":"index","follow":"follow","max-snippet":"max-snippet:-1","max-image-preview":"max-image-preview:large","max-video-preview":"max-video-preview:-1"},"canonical":"https:\/\/microentreprendrebasseslaurentides.quebec\/en\/board\/","og_locale":"en_US","og_type":"article","og_title":"Board - MicroEntreprendre Basses-Laurentides","og_description":"|Teamand board Ginette Demers President Patrick Roberge Raymond Chabot Treasurer S\u00e9bastien Lassonde Rakabot Secretary Karina Minner JKM M\u00e9canique Mobile Administrator Mathieu Roy Business Development Bank of Canada Administrator M\u00e9lanie Laroche Administrator Joanie Desjardins Service GoExport Administrator","og_url":"https:\/\/microentreprendrebasseslaurentides.quebec\/en\/board\/","og_site_name":"MicroEntreprendre Basses-Laurentides","article_publisher":"https:\/\/www.facebook.com\/MicroEntreprendreBassesLaurentides\/","article_modified_time":"2024-06-05T19:44:20+00:00","twitter_card":"summary_large_image","twitter_misc":{"Est. reading time":"1 minute"},"schema":{"@context":"https:\/\/schema.org","@graph":[{"@type":"WebPage","@id":"https:\/\/microentreprendrebasseslaurentides.quebec\/en\/board\/","url":"https:\/\/microentreprendrebasseslaurentides.quebec\/en\/board\/","name":"Board - MicroEntreprendre Basses-Laurentides","isPartOf":{"@id":"https:\/\/microentreprendrebasseslaurentides.quebec\/en\/#website"},"datePublished":"2022-06-14T14:24:08+00:00","dateModified":"2024-06-05T19:44:20+00:00","breadcrumb":{"@id":"https:\/\/microentreprendrebasseslaurentides.quebec\/en\/board\/#breadcrumb"},"inLanguage":"en-US","potentialAction":[{"@type":"ReadAction","target":["https:\/\/microentreprendrebasseslaurentides.quebec\/en\/board\/"]}]},{"@type":"BreadcrumbList","@id":"https:\/\/microentreprendrebasseslaurentides.quebec\/en\/board\/#breadcrumb","itemListElement":[{"@type":"ListItem","position":1,"name":"Accueil","item":"https:\/\/microentreprendrebasseslaurentides.quebec\/en\/index\/"},{"@type":"ListItem","position":2,"name":"Board"}]},{"@type":"WebSite","@id":"https:\/\/microentreprendrebasseslaurentides.quebec\/en\/#website","url":"https:\/\/microentreprendrebasseslaurentides.quebec\/en\/","name":"MicroEntreprendre Basses-Laurentides","description":"Fonds communautaire d&#039;acc\u00e8s au micro-cr\u00e9dit","publisher":{"@id":"https:\/\/microentreprendrebasseslaurentides.quebec\/en\/#organization"},"potentialAction":[{"@type":"SearchAction","target":{"@type":"EntryPoint","urlTemplate":"https:\/\/microentreprendrebasseslaurentides.quebec\/en\/?s={search_term_string}"},"query-input":"required name=search_term_string"}],"inLanguage":"en-US"},{"@type":"Organization","@id":"https:\/\/microentreprendrebasseslaurentides.quebec\/en\/#organization","name":"MicroEntreprendre Basses-Laurentides","url":"https:\/\/microentreprendrebasseslaurentides.quebec\/en\/","logo":{"@type":"ImageObject","inLanguage":"en-US","@id":"https:\/\/microentreprendrebasseslaurentides.quebec\/en\/#\/schema\/logo\/image\/","url":"https:\/\/microentreprendrebasseslaurentides.quebec\/wp-content\/uploads\/2022\/06\/LOGO_microEntreprendre_BL_512.jpg","contentUrl":"https:\/\/microentreprendrebasseslaurentides.quebec\/wp-content\/uploads\/2022\/06\/LOGO_microEntreprendre_BL_512.jpg","width":512,"height":512,"caption":"MicroEntreprendre Basses-Laurentides"},"image":{"@id":"https:\/\/microentreprendrebasseslaurentides.quebec\/en\/#\/schema\/logo\/image\/"},"sameAs":["https:\/\/www.facebook.com\/MicroEntreprendreBassesLaurentides\/"]}]}},"_links":{"self":[{"href":"https:\/\/microentreprendrebasseslaurentides.quebec\/en\/wp-json\/wp\/v2\/pages\/3864"}],"collection":[{"href":"https:\/\/microentreprendrebasseslaurentides.quebec\/en\/wp-json\/wp\/v2\/pages"}],"about":[{"href":"https:\/\/microentreprendrebasseslaurentides.quebec\/en\/wp-json\/wp\/v2\/types\/page"}],"author":[{"embeddable":true,"href":"https:\/\/microentreprendrebasseslaurentides.quebec\/en\/wp-json\/wp\/v2\/users\/2"}],"replies":[{"embeddable":true,"href":"https:\/\/microentreprendrebasseslaurentides.quebec\/en\/wp-json\/wp\/v2\/comments?post=3864"}],"version-history":[{"count":9,"href":"https:\/\/microentreprendrebasseslaurentides.quebec\/en\/wp-json\/wp\/v2\/pages\/3864\/revisions"}],"predecessor-version":[{"id":4142,"href":"https:\/\/microentreprendrebasseslaurentides.quebec\/en\/wp-json\/wp\/v2\/pages\/3864\/revisions\/4142"}],"wp:attachment":[{"href":"https:\/\/microentreprendrebasseslaurentides.quebec\/en\/wp-json\/wp\/v2\/media?parent=3864"}],"curies":[{"name":"wp","href":"https:\/\/api.w.org\/{rel}","templated":true}]}}